{"id":4966,"date":"2021-03-22T23:31:09","date_gmt":"2021-03-23T05:31:09","guid":{"rendered":"http:\/\/paginademo.com.mx\/Pharma_Web\/?page_id=4966"},"modified":"2022-03-08T18:23:35","modified_gmt":"2022-03-09T00:23:35","slug":"venta-y-distribucion-de-medicamentos","status":"publish","type":"page","link":"https:\/\/pharmaigsa.com.mx\/?page_id=4966","title":{"rendered":"Venta y Distribuci\u00f3n de Medicamentos"},"content":{"rendered":"\t\t<div data-elementor-type=\"wp-page\" data-elementor-id=\"4966\" class=\"elementor elementor-4966\" data-elementor-post-type=\"page\">\n\t\t\t\t\t\t<section class=\"elementor-section elementor-top-section elementor-element elementor-element-47aa045 elementor-section-full_width elementor-section-height-default elementor-section-height-default\" data-id=\"47aa045\" data-element_type=\"section\">\n\t\t\t\t\t\t<div class=\"elementor-container elementor-column-gap-no\">\n\t\t\t\t\t<div class=\"elementor-column elementor-col-100 elementor-top-column elementor-element elementor-element-5712328\" data-id=\"5712328\" data-element_type=\"column\">\n\t\t\t<div class=\"elementor-widget-wrap elementor-element-populated\">\n\t\t\t\t\t\t<div class=\"elementor-element elementor-element-72410d0 elementor-absolute elementor-widget elementor-widget-heading\" data-id=\"72410d0\" data-element_type=\"widget\" data-settings=\"{&quot;_position&quot;:&quot;absolute&quot;}\" data-widget_type=\"heading.default\">\n\t\t\t\t<div class=\"elementor-widget-container\">\n\t\t\t\t\t<h1 class=\"elementor-heading-title elementor-size-default\">Venta y distribuci\u00f3n de medicamentos<\/h1>\t\t\t\t<\/div>\n\t\t\t\t<\/div>\n\t\t\t\t<div class=\"elementor-element elementor-element-803b4b4 elementor-widget elementor-widget-image\" data-id=\"803b4b4\" data-element_type=\"widget\" data-widget_type=\"image.default\">\n\t\t\t\t<div class=\"elementor-widget-container\">\n\t\t\t\t\t\t\t\t\t\t\t\t\t\t\t<img fetchpriority=\"high\" decoding=\"async\" width=\"1920\" height=\"700\" src=\"https:\/\/pharmaigsa.com.mx\/wp-content\/uploads\/2021\/03\/Venta_y_distribucion_de_medicamentos_Banner_Pharma_Tycsa.jpg\" class=\"attachment-full size-full wp-image-4746\" alt=\"Venta y distribuci\u00f3n de medicamentos - Pharma Tycsa\" srcset=\"https:\/\/pharmaigsa.com.mx\/wp-content\/uploads\/2021\/03\/Venta_y_distribucion_de_medicamentos_Banner_Pharma_Tycsa.jpg 1920w, https:\/\/pharmaigsa.com.mx\/wp-content\/uploads\/2021\/03\/Venta_y_distribucion_de_medicamentos_Banner_Pharma_Tycsa-300x109.jpg 300w, https:\/\/pharmaigsa.com.mx\/wp-content\/uploads\/2021\/03\/Venta_y_distribucion_de_medicamentos_Banner_Pharma_Tycsa-1024x373.jpg 1024w, https:\/\/pharmaigsa.com.mx\/wp-content\/uploads\/2021\/03\/Venta_y_distribucion_de_medicamentos_Banner_Pharma_Tycsa-768x280.jpg 768w, https:\/\/pharmaigsa.com.mx\/wp-content\/uploads\/2021\/03\/Venta_y_distribucion_de_medicamentos_Banner_Pharma_Tycsa-1536x560.jpg 1536w\" sizes=\"(max-width: 1920px) 100vw, 1920px\" \/>\t\t\t\t\t\t\t\t\t\t\t\t\t\t\t<\/div>\n\t\t\t\t<\/div>\n\t\t\t\t\t<\/div>\n\t\t<\/div>\n\t\t\t\t\t<\/div>\n\t\t<\/section>\n\t\t\t\t<section class=\"elementor-section elementor-top-section elementor-element elementor-element-bc48e76 elementor-reverse-mobile elementor-section-boxed elementor-section-height-default elementor-section-height-default\" data-id=\"bc48e76\" data-element_type=\"section\">\n\t\t\t\t\t\t<div class=\"elementor-container elementor-column-gap-default\">\n\t\t\t\t\t<div class=\"elementor-column elementor-col-33 elementor-top-column elementor-element elementor-element-71819ed\" data-id=\"71819ed\" data-element_type=\"column\">\n\t\t\t<div class=\"elementor-widget-wrap elementor-element-populated\">\n\t\t\t\t\t\t<div class=\"elementor-element elementor-element-97784e3 elementor-widget elementor-widget-image\" data-id=\"97784e3\" data-element_type=\"widget\" data-widget_type=\"image.default\">\n\t\t\t\t<div class=\"elementor-widget-container\">\n\t\t\t\t\t\t\t\t\t\t\t\t\t\t\t<img decoding=\"async\" width=\"800\" height=\"800\" src=\"https:\/\/pharmaigsa.com.mx\/wp-content\/uploads\/2021\/03\/Venta_y_Distribucion_de_Medicamentos_Pharma_Tycsa-1.png\" class=\"attachment-large size-large wp-image-5045\" alt=\"Venta y Distribuci\u00f3n de Medicamentos\" srcset=\"https:\/\/pharmaigsa.com.mx\/wp-content\/uploads\/2021\/03\/Venta_y_Distribucion_de_Medicamentos_Pharma_Tycsa-1.png 800w, https:\/\/pharmaigsa.com.mx\/wp-content\/uploads\/2021\/03\/Venta_y_Distribucion_de_Medicamentos_Pharma_Tycsa-1-300x300.png 300w, https:\/\/pharmaigsa.com.mx\/wp-content\/uploads\/2021\/03\/Venta_y_Distribucion_de_Medicamentos_Pharma_Tycsa-1-150x150.png 150w, https:\/\/pharmaigsa.com.mx\/wp-content\/uploads\/2021\/03\/Venta_y_Distribucion_de_Medicamentos_Pharma_Tycsa-1-768x768.png 768w, https:\/\/pharmaigsa.com.mx\/wp-content\/uploads\/2021\/03\/Venta_y_Distribucion_de_Medicamentos_Pharma_Tycsa-1-100x100.png 100w, https:\/\/pharmaigsa.com.mx\/wp-content\/uploads\/2021\/03\/Venta_y_Distribucion_de_Medicamentos_Pharma_Tycsa-1-760x760.png 760w\" sizes=\"(max-width: 800px) 100vw, 800px\" \/>\t\t\t\t\t\t\t\t\t\t\t\t\t\t\t<\/div>\n\t\t\t\t<\/div>\n\t\t\t\t\t<\/div>\n\t\t<\/div>\n\t\t\t\t<div class=\"elementor-column elementor-col-66 elementor-top-column elementor-element elementor-element-6921cd1\" data-id=\"6921cd1\" data-element_type=\"column\">\n\t\t\t<div class=\"elementor-widget-wrap elementor-element-populated\">\n\t\t\t\t\t\t<section class=\"elementor-section elementor-inner-section elementor-element elementor-element-9c0c5f7 elementor-section-content-middle elementor-section-full_width elementor-section-height-default elementor-section-height-default\" data-id=\"9c0c5f7\" data-element_type=\"section\" data-settings=\"{&quot;background_background&quot;:&quot;classic&quot;}\">\n\t\t\t\t\t\t<div class=\"elementor-container elementor-column-gap-default\">\n\t\t\t\t\t<div class=\"elementor-column elementor-col-50 elementor-inner-column elementor-element elementor-element-868b9bc\" data-id=\"868b9bc\" data-element_type=\"column\">\n\t\t\t<div class=\"elementor-widget-wrap elementor-element-populated\">\n\t\t\t\t\t\t<div class=\"elementor-element elementor-element-134d721 elementor-widget elementor-widget-image\" data-id=\"134d721\" data-element_type=\"widget\" data-widget_type=\"image.default\">\n\t\t\t\t<div class=\"elementor-widget-container\">\n\t\t\t\t\t\t\t\t\t\t\t\t\t\t\t<img decoding=\"async\" width=\"150\" height=\"150\" src=\"https:\/\/pharmaigsa.com.mx\/wp-content\/uploads\/2021\/04\/Venta_y_Distribucion_de_Medicamentos_Pharma_Tycsa_Web-150x150.png\" class=\"attachment-thumbnail size-thumbnail wp-image-5404\" alt=\"\" srcset=\"https:\/\/pharmaigsa.com.mx\/wp-content\/uploads\/2021\/04\/Venta_y_Distribucion_de_Medicamentos_Pharma_Tycsa_Web-150x150.png 150w, https:\/\/pharmaigsa.com.mx\/wp-content\/uploads\/2021\/04\/Venta_y_Distribucion_de_Medicamentos_Pharma_Tycsa_Web.png 300w, https:\/\/pharmaigsa.com.mx\/wp-content\/uploads\/2021\/04\/Venta_y_Distribucion_de_Medicamentos_Pharma_Tycsa_Web-100x100.png 100w\" sizes=\"(max-width: 150px) 100vw, 150px\" \/>\t\t\t\t\t\t\t\t\t\t\t\t\t\t\t<\/div>\n\t\t\t\t<\/div>\n\t\t\t\t\t<\/div>\n\t\t<\/div>\n\t\t\t\t<div class=\"elementor-column elementor-col-50 elementor-inner-column elementor-element elementor-element-1a7ef31\" data-id=\"1a7ef31\" data-element_type=\"column\">\n\t\t\t<div class=\"elementor-widget-wrap elementor-element-populated\">\n\t\t\t\t\t\t<div class=\"elementor-element elementor-element-768c94f elementor-widget elementor-widget-heading\" data-id=\"768c94f\" data-element_type=\"widget\" data-widget_type=\"heading.default\">\n\t\t\t\t<div class=\"elementor-widget-container\">\n\t\t\t\t\t<h3 class=\"elementor-heading-title elementor-size-default\">Venta y Distribuci\u00f3n de Medicamentos<\/h3>\t\t\t\t<\/div>\n\t\t\t\t<\/div>\n\t\t\t\t\t<\/div>\n\t\t<\/div>\n\t\t\t\t\t<\/div>\n\t\t<\/section>\n\t\t\t\t<section class=\"elementor-section elementor-inner-section elementor-element elementor-element-8600865 elementor-section-boxed elementor-section-height-default elementor-section-height-default\" data-id=\"8600865\" data-element_type=\"section\" data-settings=\"{&quot;background_background&quot;:&quot;classic&quot;}\">\n\t\t\t\t\t\t<div class=\"elementor-container elementor-column-gap-default\">\n\t\t\t\t\t<div class=\"elementor-column elementor-col-100 elementor-inner-column elementor-element elementor-element-96975b5\" data-id=\"96975b5\" data-element_type=\"column\">\n\t\t\t<div class=\"elementor-widget-wrap elementor-element-populated\">\n\t\t\t\t\t\t<div class=\"elementor-element elementor-element-2051bc6 elementor-icon-list--layout-traditional elementor-list-item-link-full_width elementor-widget elementor-widget-icon-list\" data-id=\"2051bc6\" data-element_type=\"widget\" data-widget_type=\"icon-list.default\">\n\t\t\t\t<div class=\"elementor-widget-container\">\n\t\t\t\t\t\t\t<ul class=\"elementor-icon-list-items\">\n\t\t\t\t\t\t\t<li class=\"elementor-icon-list-item\">\n\t\t\t\t\t\t\t\t\t\t\t<span class=\"elementor-icon-list-icon\">\n\t\t\t\t\t\t\t<i aria-hidden=\"true\" class=\"fas fa-circle\"><\/i>\t\t\t\t\t\t<\/span>\n\t\t\t\t\t\t\t\t\t\t<span class=\"elementor-icon-list-text\">Contamos con medicamentos de patente, gen\u00e9ricos y vacunas de altas especialidades.<\/span>\n\t\t\t\t\t\t\t\t\t<\/li>\n\t\t\t\t\t\t<\/ul>\n\t\t\t\t\t\t<\/div>\n\t\t\t\t<\/div>\n\t\t\t\t\t<\/div>\n\t\t<\/div>\n\t\t\t\t\t<\/div>\n\t\t<\/section>\n\t\t\t\t\t<\/div>\n\t\t<\/div>\n\t\t\t\t\t<\/div>\n\t\t<\/section>\n\t\t\t\t<\/div>\n\t\t","protected":false},"excerpt":{"rendered":"<p>Venta y distribuci\u00f3n de medicamentos Venta y Distribuci\u00f3n de Medicamentos Contamos con medicamentos de patente, gen\u00e9ricos y vacunas de altas especialidades.<\/p>\n","protected":false},"author":3,"featured_media":0,"parent":5015,"menu_order":0,"comment_status":"closed","ping_status":"closed","template":"","meta":{"saved_in_kubio":false,"_monsterinsights_skip_tracking":false,"_monsterinsights_sitenote_active":false,"_monsterinsights_sitenote_note":"","_monsterinsights_sitenote_category":0,"footnotes":""},"class_list":["post-4966","page","type-page","status-publish","hentry"],"kubio_ai_page_context":{"short_desc":"","purpose":"general"},"yoast_head":"<!-- This site is optimized with the Yoast SEO plugin v26.0 - https:\/\/yoast.com\/wordpress\/plugins\/seo\/ -->\n<title>Venta y Distribuci\u00f3n de Medicamentos - PHARMAIGSA<\/title>\n<meta name=\"robots\" content=\"index, follow, max-snippet:-1, max-image-preview:large, max-video-preview:-1\" \/>\n<link rel=\"canonical\" href=\"https:\/\/pharmaigsa.com.mx\/?page_id=4966\" \/>\n<meta property=\"og:locale\" content=\"es_MX\" \/>\n<meta property=\"og:type\" content=\"article\" \/>\n<meta property=\"og:title\" content=\"Venta y Distribuci\u00f3n de Medicamentos - PHARMAIGSA\" \/>\n<meta property=\"og:description\" content=\"Venta y distribuci\u00f3n de medicamentos Venta y Distribuci\u00f3n de Medicamentos Contamos con medicamentos de patente, gen\u00e9ricos y vacunas de altas especialidades.\" \/>\n<meta property=\"og:url\" content=\"https:\/\/pharmaigsa.com.mx\/?page_id=4966\" \/>\n<meta property=\"og:site_name\" content=\"PHARMAIGSA\" \/>\n<meta property=\"article:modified_time\" content=\"2022-03-09T00:23:35+00:00\" \/>\n<meta property=\"og:image\" content=\"https:\/\/pharmaigsa.com.mx\/wp-content\/uploads\/2021\/03\/Venta_y_distribucion_de_medicamentos_Banner_Pharma_Tycsa.jpg\" \/>\n<meta name=\"twitter:card\" content=\"summary_large_image\" \/>\n<script type=\"application\/ld+json\" class=\"yoast-schema-graph\">{\"@context\":\"https:\/\/schema.org\",\"@graph\":[{\"@type\":\"WebPage\",\"@id\":\"https:\/\/pharmaigsa.com.mx\/?page_id=4966\",\"url\":\"https:\/\/pharmaigsa.com.mx\/?page_id=4966\",\"name\":\"Venta y Distribuci\u00f3n de Medicamentos - PHARMAIGSA\",\"isPartOf\":{\"@id\":\"https:\/\/pharmaigsa.com.mx\/#website\"},\"primaryImageOfPage\":{\"@id\":\"https:\/\/pharmaigsa.com.mx\/?page_id=4966#primaryimage\"},\"image\":{\"@id\":\"https:\/\/pharmaigsa.com.mx\/?page_id=4966#primaryimage\"},\"thumbnailUrl\":\"https:\/\/pharmaigsa.com.mx\/wp-content\/uploads\/2021\/03\/Venta_y_distribucion_de_medicamentos_Banner_Pharma_Tycsa.jpg\",\"datePublished\":\"2021-03-23T05:31:09+00:00\",\"dateModified\":\"2022-03-09T00:23:35+00:00\",\"breadcrumb\":{\"@id\":\"https:\/\/pharmaigsa.com.mx\/?page_id=4966#breadcrumb\"},\"inLanguage\":\"es\",\"potentialAction\":[{\"@type\":\"ReadAction\",\"target\":[\"https:\/\/pharmaigsa.com.mx\/?page_id=4966\"]}]},{\"@type\":\"ImageObject\",\"inLanguage\":\"es\",\"@id\":\"https:\/\/pharmaigsa.com.mx\/?page_id=4966#primaryimage\",\"url\":\"https:\/\/pharmaigsa.com.mx\/wp-content\/uploads\/2021\/03\/Venta_y_distribucion_de_medicamentos_Banner_Pharma_Tycsa.jpg\",\"contentUrl\":\"https:\/\/pharmaigsa.com.mx\/wp-content\/uploads\/2021\/03\/Venta_y_distribucion_de_medicamentos_Banner_Pharma_Tycsa.jpg\",\"width\":1920,\"height\":700,\"caption\":\"Venta y Distribuci\u00f3n de Medicamentos\"},{\"@type\":\"BreadcrumbList\",\"@id\":\"https:\/\/pharmaigsa.com.mx\/?page_id=4966#breadcrumb\",\"itemListElement\":[{\"@type\":\"ListItem\",\"position\":1,\"name\":\"Inicio\",\"item\":\"https:\/\/pharmaigsa.com.mx\/\"},{\"@type\":\"ListItem\",\"position\":2,\"name\":\"Unidades de Negocio\",\"item\":\"https:\/\/pharmaigsa.com.mx\/?page_id=5015\"},{\"@type\":\"ListItem\",\"position\":3,\"name\":\"Venta y Distribuci\u00f3n de Medicamentos\"}]},{\"@type\":\"WebSite\",\"@id\":\"https:\/\/pharmaigsa.com.mx\/#website\",\"url\":\"https:\/\/pharmaigsa.com.mx\/\",\"name\":\"PHARMAIGSA\",\"description\":\"Distribuci\u00f3n, Comercializaci\u00f3n y Dispensaci\u00f3n de Medicamentos\",\"publisher\":{\"@id\":\"https:\/\/pharmaigsa.com.mx\/#organization\"},\"potentialAction\":[{\"@type\":\"SearchAction\",\"target\":{\"@type\":\"EntryPoint\",\"urlTemplate\":\"https:\/\/pharmaigsa.com.mx\/?s={search_term_string}\"},\"query-input\":{\"@type\":\"PropertyValueSpecification\",\"valueRequired\":true,\"valueName\":\"search_term_string\"}}],\"inLanguage\":\"es\"},{\"@type\":\"Organization\",\"@id\":\"https:\/\/pharmaigsa.com.mx\/#organization\",\"name\":\"PHARMAIGSA\",\"url\":\"https:\/\/pharmaigsa.com.mx\/\",\"logo\":{\"@type\":\"ImageObject\",\"inLanguage\":\"es\",\"@id\":\"https:\/\/pharmaigsa.com.mx\/#\/schema\/logo\/image\/\",\"url\":\"https:\/\/pharmaigsa.com.mx\/wp-content\/uploads\/2025\/12\/cropped-LOGO-PHARMAIGSA-1-blanco.png\",\"contentUrl\":\"https:\/\/pharmaigsa.com.mx\/wp-content\/uploads\/2025\/12\/cropped-LOGO-PHARMAIGSA-1-blanco.png\",\"width\":960,\"height\":268,\"caption\":\"PHARMAIGSA\"},\"image\":{\"@id\":\"https:\/\/pharmaigsa.com.mx\/#\/schema\/logo\/image\/\"}}]}<\/script>\n<!-- \/ Yoast SEO plugin. -->","yoast_head_json":{"title":"Venta y Distribuci\u00f3n de Medicamentos - PHARMAIGSA","robots":{"index":"index","follow":"follow","max-snippet":"max-snippet:-1","max-image-preview":"max-image-preview:large","max-video-preview":"max-video-preview:-1"},"canonical":"https:\/\/pharmaigsa.com.mx\/?page_id=4966","og_locale":"es_MX","og_type":"article","og_title":"Venta y Distribuci\u00f3n de Medicamentos - PHARMAIGSA","og_description":"Venta y distribuci\u00f3n de medicamentos Venta y Distribuci\u00f3n de Medicamentos Contamos con medicamentos de patente, gen\u00e9ricos y vacunas de altas especialidades.","og_url":"https:\/\/pharmaigsa.com.mx\/?page_id=4966","og_site_name":"PHARMAIGSA","article_modified_time":"2022-03-09T00:23:35+00:00","og_image":[{"url":"https:\/\/pharmaigsa.com.mx\/wp-content\/uploads\/2021\/03\/Venta_y_distribucion_de_medicamentos_Banner_Pharma_Tycsa.jpg","type":"","width":"","height":""}],"twitter_card":"summary_large_image","schema":{"@context":"https:\/\/schema.org","@graph":[{"@type":"WebPage","@id":"https:\/\/pharmaigsa.com.mx\/?page_id=4966","url":"https:\/\/pharmaigsa.com.mx\/?page_id=4966","name":"Venta y Distribuci\u00f3n de Medicamentos - PHARMAIGSA","isPartOf":{"@id":"https:\/\/pharmaigsa.com.mx\/#website"},"primaryImageOfPage":{"@id":"https:\/\/pharmaigsa.com.mx\/?page_id=4966#primaryimage"},"image":{"@id":"https:\/\/pharmaigsa.com.mx\/?page_id=4966#primaryimage"},"thumbnailUrl":"https:\/\/pharmaigsa.com.mx\/wp-content\/uploads\/2021\/03\/Venta_y_distribucion_de_medicamentos_Banner_Pharma_Tycsa.jpg","datePublished":"2021-03-23T05:31:09+00:00","dateModified":"2022-03-09T00:23:35+00:00","breadcrumb":{"@id":"https:\/\/pharmaigsa.com.mx\/?page_id=4966#breadcrumb"},"inLanguage":"es","potentialAction":[{"@type":"ReadAction","target":["https:\/\/pharmaigsa.com.mx\/?page_id=4966"]}]},{"@type":"ImageObject","inLanguage":"es","@id":"https:\/\/pharmaigsa.com.mx\/?page_id=4966#primaryimage","url":"https:\/\/pharmaigsa.com.mx\/wp-content\/uploads\/2021\/03\/Venta_y_distribucion_de_medicamentos_Banner_Pharma_Tycsa.jpg","contentUrl":"https:\/\/pharmaigsa.com.mx\/wp-content\/uploads\/2021\/03\/Venta_y_distribucion_de_medicamentos_Banner_Pharma_Tycsa.jpg","width":1920,"height":700,"caption":"Venta y Distribuci\u00f3n de Medicamentos"},{"@type":"BreadcrumbList","@id":"https:\/\/pharmaigsa.com.mx\/?page_id=4966#breadcrumb","itemListElement":[{"@type":"ListItem","position":1,"name":"Inicio","item":"https:\/\/pharmaigsa.com.mx\/"},{"@type":"ListItem","position":2,"name":"Unidades de Negocio","item":"https:\/\/pharmaigsa.com.mx\/?page_id=5015"},{"@type":"ListItem","position":3,"name":"Venta y Distribuci\u00f3n de Medicamentos"}]},{"@type":"WebSite","@id":"https:\/\/pharmaigsa.com.mx\/#website","url":"https:\/\/pharmaigsa.com.mx\/","name":"PHARMAIGSA","description":"Distribuci\u00f3n, Comercializaci\u00f3n y Dispensaci\u00f3n de Medicamentos","publisher":{"@id":"https:\/\/pharmaigsa.com.mx\/#organization"},"potentialAction":[{"@type":"SearchAction","target":{"@type":"EntryPoint","urlTemplate":"https:\/\/pharmaigsa.com.mx\/?s={search_term_string}"},"query-input":{"@type":"PropertyValueSpecification","valueRequired":true,"valueName":"search_term_string"}}],"inLanguage":"es"},{"@type":"Organization","@id":"https:\/\/pharmaigsa.com.mx\/#organization","name":"PHARMAIGSA","url":"https:\/\/pharmaigsa.com.mx\/","logo":{"@type":"ImageObject","inLanguage":"es","@id":"https:\/\/pharmaigsa.com.mx\/#\/schema\/logo\/image\/","url":"https:\/\/pharmaigsa.com.mx\/wp-content\/uploads\/2025\/12\/cropped-LOGO-PHARMAIGSA-1-blanco.png","contentUrl":"https:\/\/pharmaigsa.com.mx\/wp-content\/uploads\/2025\/12\/cropped-LOGO-PHARMAIGSA-1-blanco.png","width":960,"height":268,"caption":"PHARMAIGSA"},"image":{"@id":"https:\/\/pharmaigsa.com.mx\/#\/schema\/logo\/image\/"}}]}},"_links":{"self":[{"href":"https:\/\/pharmaigsa.com.mx\/index.php?rest_route=\/wp\/v2\/pages\/4966","targetHints":{"allow":["GET"]}}],"collection":[{"href":"https:\/\/pharmaigsa.com.mx\/index.php?rest_route=\/wp\/v2\/pages"}],"about":[{"href":"https:\/\/pharmaigsa.com.mx\/index.php?rest_route=\/wp\/v2\/types\/page"}],"author":[{"embeddable":true,"href":"https:\/\/pharmaigsa.com.mx\/index.php?rest_route=\/wp\/v2\/users\/3"}],"replies":[{"embeddable":true,"href":"https:\/\/pharmaigsa.com.mx\/index.php?rest_route=%2Fwp%2Fv2%2Fcomments&post=4966"}],"version-history":[{"count":68,"href":"https:\/\/pharmaigsa.com.mx\/index.php?rest_route=\/wp\/v2\/pages\/4966\/revisions"}],"predecessor-version":[{"id":5490,"href":"https:\/\/pharmaigsa.com.mx\/index.php?rest_route=\/wp\/v2\/pages\/4966\/revisions\/5490"}],"up":[{"embeddable":true,"href":"https:\/\/pharmaigsa.com.mx\/index.php?rest_route=\/wp\/v2\/pages\/5015"}],"wp:attachment":[{"href":"https:\/\/pharmaigsa.com.mx\/index.php?rest_route=%2Fwp%2Fv2%2Fmedia&parent=4966"}],"curies":[{"name":"wp","href":"https:\/\/api.w.org\/{rel}","templated":true}]}}