{"id":5193,"date":"2021-03-31T10:37:12","date_gmt":"2021-03-31T16:37:12","guid":{"rendered":"http:\/\/paginademo.com.mx\/Pharma_Web\/?page_id=5193"},"modified":"2022-03-09T08:38:02","modified_gmt":"2022-03-09T14:38:02","slug":"administracion-de-botiquines-y-farmacias","status":"publish","type":"page","link":"https:\/\/pharmaigsa.com.mx\/?page_id=5193","title":{"rendered":"Administraci\u00f3n de Botiquines y Farmacias"},"content":{"rendered":"\t\t<div data-elementor-type=\"wp-page\" data-elementor-id=\"5193\" class=\"elementor elementor-5193\" data-elementor-post-type=\"page\">\n\t\t\t\t\t\t<section class=\"elementor-section elementor-top-section elementor-element elementor-element-240d528 elementor-section-full_width elementor-section-height-default elementor-section-height-default\" data-id=\"240d528\" data-element_type=\"section\">\n\t\t\t\t\t\t<div class=\"elementor-container elementor-column-gap-no\">\n\t\t\t\t\t<div class=\"elementor-column elementor-col-100 elementor-top-column elementor-element elementor-element-498e376\" data-id=\"498e376\" data-element_type=\"column\">\n\t\t\t<div class=\"elementor-widget-wrap elementor-element-populated\">\n\t\t\t\t\t\t<div class=\"elementor-element elementor-element-5626af3 elementor-absolute elementor-widget elementor-widget-heading\" data-id=\"5626af3\" data-element_type=\"widget\" data-settings=\"{&quot;_position&quot;:&quot;absolute&quot;}\" data-widget_type=\"heading.default\">\n\t\t\t\t<div class=\"elementor-widget-container\">\n\t\t\t\t\t<h1 class=\"elementor-heading-title elementor-size-default\">Administraci\u00f3n de Botiquines  y Farmacia<\/h1>\t\t\t\t<\/div>\n\t\t\t\t<\/div>\n\t\t\t\t<div class=\"elementor-element elementor-element-6ad4ef0 elementor-widget elementor-widget-image\" data-id=\"6ad4ef0\" data-element_type=\"widget\" data-widget_type=\"image.default\">\n\t\t\t\t<div class=\"elementor-widget-container\">\n\t\t\t\t\t\t\t\t\t\t\t\t\t\t\t<img fetchpriority=\"high\" decoding=\"async\" width=\"1920\" height=\"698\" src=\"https:\/\/pharmaigsa.com.mx\/wp-content\/uploads\/2021\/03\/Administracion_de_Botiquines_y_Farmacia_PharmaTycsa.jpg\" class=\"attachment-full size-full wp-image-5265\" alt=\"Administraci\u00f3n de Botiquines y Farmacias\" srcset=\"https:\/\/pharmaigsa.com.mx\/wp-content\/uploads\/2021\/03\/Administracion_de_Botiquines_y_Farmacia_PharmaTycsa.jpg 1920w, https:\/\/pharmaigsa.com.mx\/wp-content\/uploads\/2021\/03\/Administracion_de_Botiquines_y_Farmacia_PharmaTycsa-300x109.jpg 300w, https:\/\/pharmaigsa.com.mx\/wp-content\/uploads\/2021\/03\/Administracion_de_Botiquines_y_Farmacia_PharmaTycsa-1024x372.jpg 1024w, https:\/\/pharmaigsa.com.mx\/wp-content\/uploads\/2021\/03\/Administracion_de_Botiquines_y_Farmacia_PharmaTycsa-768x279.jpg 768w, https:\/\/pharmaigsa.com.mx\/wp-content\/uploads\/2021\/03\/Administracion_de_Botiquines_y_Farmacia_PharmaTycsa-1536x558.jpg 1536w\" sizes=\"(max-width: 1920px) 100vw, 1920px\" \/>\t\t\t\t\t\t\t\t\t\t\t\t\t\t\t<\/div>\n\t\t\t\t<\/div>\n\t\t\t\t\t<\/div>\n\t\t<\/div>\n\t\t\t\t\t<\/div>\n\t\t<\/section>\n\t\t\t\t<section class=\"elementor-section elementor-top-section elementor-element elementor-element-bc48e76 elementor-reverse-mobile elementor-section-boxed elementor-section-height-default elementor-section-height-default\" data-id=\"bc48e76\" data-element_type=\"section\">\n\t\t\t\t\t\t<div class=\"elementor-container elementor-column-gap-default\">\n\t\t\t\t\t<div class=\"elementor-column elementor-col-50 elementor-top-column elementor-element elementor-element-71819ed\" data-id=\"71819ed\" data-element_type=\"column\">\n\t\t\t<div class=\"elementor-widget-wrap elementor-element-populated\">\n\t\t\t\t\t\t<div class=\"elementor-element elementor-element-97784e3 elementor-widget elementor-widget-image\" data-id=\"97784e3\" data-element_type=\"widget\" data-widget_type=\"image.default\">\n\t\t\t\t<div class=\"elementor-widget-container\">\n\t\t\t\t\t\t\t\t\t\t\t\t\t\t\t<img decoding=\"async\" width=\"800\" height=\"800\" src=\"https:\/\/pharmaigsa.com.mx\/wp-content\/uploads\/2021\/03\/Administracion_de_Botiquines_y_Farmacias_PharmaTycsa.png\" class=\"attachment-large size-large wp-image-5260\" alt=\"Administraci\u00f3n de Botiquines y Farmacias\" srcset=\"https:\/\/pharmaigsa.com.mx\/wp-content\/uploads\/2021\/03\/Administracion_de_Botiquines_y_Farmacias_PharmaTycsa.png 800w, https:\/\/pharmaigsa.com.mx\/wp-content\/uploads\/2021\/03\/Administracion_de_Botiquines_y_Farmacias_PharmaTycsa-300x300.png 300w, https:\/\/pharmaigsa.com.mx\/wp-content\/uploads\/2021\/03\/Administracion_de_Botiquines_y_Farmacias_PharmaTycsa-150x150.png 150w, https:\/\/pharmaigsa.com.mx\/wp-content\/uploads\/2021\/03\/Administracion_de_Botiquines_y_Farmacias_PharmaTycsa-768x768.png 768w, https:\/\/pharmaigsa.com.mx\/wp-content\/uploads\/2021\/03\/Administracion_de_Botiquines_y_Farmacias_PharmaTycsa-100x100.png 100w, https:\/\/pharmaigsa.com.mx\/wp-content\/uploads\/2021\/03\/Administracion_de_Botiquines_y_Farmacias_PharmaTycsa-760x760.png 760w\" sizes=\"(max-width: 800px) 100vw, 800px\" \/>\t\t\t\t\t\t\t\t\t\t\t\t\t\t\t<\/div>\n\t\t\t\t<\/div>\n\t\t\t\t\t<\/div>\n\t\t<\/div>\n\t\t\t\t<div class=\"elementor-column elementor-col-50 elementor-top-column elementor-element elementor-element-6921cd1\" data-id=\"6921cd1\" data-element_type=\"column\">\n\t\t\t<div class=\"elementor-widget-wrap elementor-element-populated\">\n\t\t\t\t\t\t<section class=\"elementor-section elementor-inner-section elementor-element elementor-element-e3856e5 elementor-section-content-middle elementor-section-full_width elementor-section-height-default elementor-section-height-default\" data-id=\"e3856e5\" data-element_type=\"section\" data-settings=\"{&quot;background_background&quot;:&quot;classic&quot;}\">\n\t\t\t\t\t\t<div class=\"elementor-container elementor-column-gap-default\">\n\t\t\t\t\t<div class=\"elementor-column elementor-col-50 elementor-inner-column elementor-element elementor-element-b8db2f3\" data-id=\"b8db2f3\" data-element_type=\"column\">\n\t\t\t<div class=\"elementor-widget-wrap elementor-element-populated\">\n\t\t\t\t\t\t<div class=\"elementor-element elementor-element-db7d6b0 elementor-widget elementor-widget-image\" data-id=\"db7d6b0\" data-element_type=\"widget\" data-widget_type=\"image.default\">\n\t\t\t\t<div class=\"elementor-widget-container\">\n\t\t\t\t\t\t\t\t\t\t\t\t\t\t\t<img decoding=\"async\" width=\"150\" height=\"150\" src=\"https:\/\/pharmaigsa.com.mx\/wp-content\/uploads\/2021\/04\/Admnistracion_de_Botiquines_y_Farmacias_Pharma_Tycsa_Web-150x150.png\" class=\"attachment-thumbnail size-thumbnail wp-image-5402\" alt=\"Administraci\u00f3n de botiquines y farmacias\" srcset=\"https:\/\/pharmaigsa.com.mx\/wp-content\/uploads\/2021\/04\/Admnistracion_de_Botiquines_y_Farmacias_Pharma_Tycsa_Web-150x150.png 150w, https:\/\/pharmaigsa.com.mx\/wp-content\/uploads\/2021\/04\/Admnistracion_de_Botiquines_y_Farmacias_Pharma_Tycsa_Web.png 300w, https:\/\/pharmaigsa.com.mx\/wp-content\/uploads\/2021\/04\/Admnistracion_de_Botiquines_y_Farmacias_Pharma_Tycsa_Web-100x100.png 100w\" sizes=\"(max-width: 150px) 100vw, 150px\" \/>\t\t\t\t\t\t\t\t\t\t\t\t\t\t\t<\/div>\n\t\t\t\t<\/div>\n\t\t\t\t\t<\/div>\n\t\t<\/div>\n\t\t\t\t<div class=\"elementor-column elementor-col-50 elementor-inner-column elementor-element elementor-element-a757ab8\" data-id=\"a757ab8\" data-element_type=\"column\">\n\t\t\t<div class=\"elementor-widget-wrap elementor-element-populated\">\n\t\t\t\t\t\t<div class=\"elementor-element elementor-element-e72c3f3 elementor-widget elementor-widget-heading\" data-id=\"e72c3f3\" data-element_type=\"widget\" data-widget_type=\"heading.default\">\n\t\t\t\t<div class=\"elementor-widget-container\">\n\t\t\t\t\t<h3 class=\"elementor-heading-title elementor-size-default\">Administraci\u00f3n de<br>Botiquines y Farmacias<\/h3>\t\t\t\t<\/div>\n\t\t\t\t<\/div>\n\t\t\t\t\t<\/div>\n\t\t<\/div>\n\t\t\t\t\t<\/div>\n\t\t<\/section>\n\t\t\t\t<section class=\"elementor-section elementor-inner-section elementor-element elementor-element-c503dc7 elementor-section-boxed elementor-section-height-default elementor-section-height-default\" data-id=\"c503dc7\" data-element_type=\"section\" data-settings=\"{&quot;background_background&quot;:&quot;classic&quot;}\">\n\t\t\t\t\t\t<div class=\"elementor-container elementor-column-gap-default\">\n\t\t\t\t\t<div class=\"elementor-column elementor-col-100 elementor-inner-column elementor-element elementor-element-978d063\" data-id=\"978d063\" data-element_type=\"column\">\n\t\t\t<div class=\"elementor-widget-wrap elementor-element-populated\">\n\t\t\t\t\t\t<div class=\"elementor-element elementor-element-61f1ee6 elementor-icon-list--layout-traditional elementor-list-item-link-full_width elementor-widget elementor-widget-icon-list\" data-id=\"61f1ee6\" data-element_type=\"widget\" data-widget_type=\"icon-list.default\">\n\t\t\t\t<div class=\"elementor-widget-container\">\n\t\t\t\t\t\t\t<ul class=\"elementor-icon-list-items\">\n\t\t\t\t\t\t\t<li class=\"elementor-icon-list-item\">\n\t\t\t\t\t\t\t\t\t\t\t<span class=\"elementor-icon-list-icon\">\n\t\t\t\t\t\t\t<i aria-hidden=\"true\" class=\"fas fa-circle\"><\/i>\t\t\t\t\t\t<\/span>\n\t\t\t\t\t\t\t\t\t\t<span class=\"elementor-icon-list-text\">Abastecimiento, administraci\u00f3n, y dispensaci\u00f3n de medicamento a trav\u00e9s de subrogaci\u00f3n de botiquines y farmacias por medio de recetas f\u00edsicas o electr\u00f3nicas a una poblaci\u00f3n determinada (derechohabientes).<\/span>\n\t\t\t\t\t\t\t\t\t<\/li>\n\t\t\t\t\t\t<\/ul>\n\t\t\t\t\t\t<\/div>\n\t\t\t\t<\/div>\n\t\t\t\t\t<\/div>\n\t\t<\/div>\n\t\t\t\t\t<\/div>\n\t\t<\/section>\n\t\t\t\t\t<\/div>\n\t\t<\/div>\n\t\t\t\t\t<\/div>\n\t\t<\/section>\n\t\t\t\t<section class=\"elementor-section elementor-top-section elementor-element elementor-element-6c3c796 elementor-section-boxed elementor-section-height-default elementor-section-height-default\" data-id=\"6c3c796\" data-element_type=\"section\">\n\t\t\t\t\t\t<div class=\"elementor-container elementor-column-gap-default\">\n\t\t\t\t\t<div class=\"elementor-column elementor-col-50 elementor-top-column elementor-element elementor-element-5bb4ac6\" data-id=\"5bb4ac6\" data-element_type=\"column\">\n\t\t\t<div class=\"elementor-widget-wrap elementor-element-populated\">\n\t\t\t\t\t\t<section class=\"elementor-section elementor-inner-section elementor-element elementor-element-1d4c08a elementor-section-content-middle elementor-section-full_width elementor-section-height-default elementor-section-height-default\" data-id=\"1d4c08a\" data-element_type=\"section\" data-settings=\"{&quot;background_background&quot;:&quot;classic&quot;}\">\n\t\t\t\t\t\t<div class=\"elementor-container elementor-column-gap-default\">\n\t\t\t\t\t<div class=\"elementor-column elementor-col-50 elementor-inner-column elementor-element elementor-element-1514370\" data-id=\"1514370\" data-element_type=\"column\">\n\t\t\t<div class=\"elementor-widget-wrap elementor-element-populated\">\n\t\t\t\t\t\t<div class=\"elementor-element elementor-element-ace12f4 elementor-widget elementor-widget-image\" data-id=\"ace12f4\" data-element_type=\"widget\" data-widget_type=\"image.default\">\n\t\t\t\t<div class=\"elementor-widget-container\">\n\t\t\t\t\t\t\t\t\t\t\t\t\t\t\t<img loading=\"lazy\" decoding=\"async\" width=\"150\" height=\"150\" src=\"https:\/\/pharmaigsa.com.mx\/wp-content\/uploads\/2021\/04\/Beneficios_Pharma_Tycsa_Web-150x150.png\" class=\"attachment-thumbnail size-thumbnail wp-image-5401\" alt=\"Beneficios\" srcset=\"https:\/\/pharmaigsa.com.mx\/wp-content\/uploads\/2021\/04\/Beneficios_Pharma_Tycsa_Web-150x150.png 150w, https:\/\/pharmaigsa.com.mx\/wp-content\/uploads\/2021\/04\/Beneficios_Pharma_Tycsa_Web.png 300w, https:\/\/pharmaigsa.com.mx\/wp-content\/uploads\/2021\/04\/Beneficios_Pharma_Tycsa_Web-100x100.png 100w\" sizes=\"(max-width: 150px) 100vw, 150px\" \/>\t\t\t\t\t\t\t\t\t\t\t\t\t\t\t<\/div>\n\t\t\t\t<\/div>\n\t\t\t\t\t<\/div>\n\t\t<\/div>\n\t\t\t\t<div class=\"elementor-column elementor-col-50 elementor-inner-column elementor-element elementor-element-374c7d1\" data-id=\"374c7d1\" data-element_type=\"column\">\n\t\t\t<div class=\"elementor-widget-wrap elementor-element-populated\">\n\t\t\t\t\t\t<div class=\"elementor-element elementor-element-c23b1eb elementor-widget elementor-widget-heading\" data-id=\"c23b1eb\" data-element_type=\"widget\" data-widget_type=\"heading.default\">\n\t\t\t\t<div class=\"elementor-widget-container\">\n\t\t\t\t\t<h3 class=\"elementor-heading-title elementor-size-default\">Beneficios<\/h3>\t\t\t\t<\/div>\n\t\t\t\t<\/div>\n\t\t\t\t\t<\/div>\n\t\t<\/div>\n\t\t\t\t\t<\/div>\n\t\t<\/section>\n\t\t\t\t<section class=\"elementor-section elementor-inner-section elementor-element elementor-element-8398478 elementor-section-boxed elementor-section-height-default elementor-section-height-default\" data-id=\"8398478\" data-element_type=\"section\" data-settings=\"{&quot;background_background&quot;:&quot;classic&quot;}\">\n\t\t\t\t\t\t<div class=\"elementor-container elementor-column-gap-default\">\n\t\t\t\t\t<div class=\"elementor-column elementor-col-100 elementor-inner-column elementor-element elementor-element-8ba6833\" data-id=\"8ba6833\" data-element_type=\"column\">\n\t\t\t<div class=\"elementor-widget-wrap elementor-element-populated\">\n\t\t\t\t\t\t<div class=\"elementor-element elementor-element-b089977 elementor-icon-list--layout-traditional elementor-list-item-link-full_width elementor-widget elementor-widget-icon-list\" data-id=\"b089977\" data-element_type=\"widget\" data-widget_type=\"icon-list.default\">\n\t\t\t\t<div class=\"elementor-widget-container\">\n\t\t\t\t\t\t\t<ul class=\"elementor-icon-list-items\">\n\t\t\t\t\t\t\t<li class=\"elementor-icon-list-item\">\n\t\t\t\t\t\t\t\t\t\t\t<span class=\"elementor-icon-list-icon\">\n\t\t\t\t\t\t\t<i aria-hidden=\"true\" class=\"fas fa-circle\"><\/i>\t\t\t\t\t\t<\/span>\n\t\t\t\t\t\t\t\t\t\t<span class=\"elementor-icon-list-text\">Ofrecemos un software de control para brindar una distribuci\u00f3n puntual y certera, manteniendo una supervisi\u00f3n continua e informaci\u00f3n en cada punto de solicitud y entrega, asegurando el abasto de los medicamentos.<\/span>\n\t\t\t\t\t\t\t\t\t<\/li>\n\t\t\t\t\t\t<\/ul>\n\t\t\t\t\t\t<\/div>\n\t\t\t\t<\/div>\n\t\t\t\t\t<\/div>\n\t\t<\/div>\n\t\t\t\t\t<\/div>\n\t\t<\/section>\n\t\t\t\t\t<\/div>\n\t\t<\/div>\n\t\t\t\t<div class=\"elementor-column elementor-col-50 elementor-top-column elementor-element elementor-element-ec9679c\" data-id=\"ec9679c\" data-element_type=\"column\">\n\t\t\t<div class=\"elementor-widget-wrap elementor-element-populated\">\n\t\t\t\t\t\t<div class=\"elementor-element elementor-element-8506120 elementor-widget elementor-widget-image\" data-id=\"8506120\" data-element_type=\"widget\" data-widget_type=\"image.default\">\n\t\t\t\t<div class=\"elementor-widget-container\">\n\t\t\t\t\t\t\t\t\t\t\t\t\t\t\t<img loading=\"lazy\" decoding=\"async\" width=\"800\" height=\"800\" src=\"https:\/\/pharmaigsa.com.mx\/wp-content\/uploads\/2021\/03\/Beneficios_Administracion_de_Botiquines_y_Farmacias_PharmaTycsa.png\" class=\"attachment-large size-large wp-image-5283\" alt=\"Beneficios\" srcset=\"https:\/\/pharmaigsa.com.mx\/wp-content\/uploads\/2021\/03\/Beneficios_Administracion_de_Botiquines_y_Farmacias_PharmaTycsa.png 800w, https:\/\/pharmaigsa.com.mx\/wp-content\/uploads\/2021\/03\/Beneficios_Administracion_de_Botiquines_y_Farmacias_PharmaTycsa-300x300.png 300w, https:\/\/pharmaigsa.com.mx\/wp-content\/uploads\/2021\/03\/Beneficios_Administracion_de_Botiquines_y_Farmacias_PharmaTycsa-150x150.png 150w, https:\/\/pharmaigsa.com.mx\/wp-content\/uploads\/2021\/03\/Beneficios_Administracion_de_Botiquines_y_Farmacias_PharmaTycsa-768x768.png 768w, https:\/\/pharmaigsa.com.mx\/wp-content\/uploads\/2021\/03\/Beneficios_Administracion_de_Botiquines_y_Farmacias_PharmaTycsa-100x100.png 100w, https:\/\/pharmaigsa.com.mx\/wp-content\/uploads\/2021\/03\/Beneficios_Administracion_de_Botiquines_y_Farmacias_PharmaTycsa-760x760.png 760w\" sizes=\"(max-width: 800px) 100vw, 800px\" \/>\t\t\t\t\t\t\t\t\t\t\t\t\t\t\t<\/div>\n\t\t\t\t<\/div>\n\t\t\t\t\t<\/div>\n\t\t<\/div>\n\t\t\t\t\t<\/div>\n\t\t<\/section>\n\t\t\t\t<\/div>\n\t\t","protected":false},"excerpt":{"rendered":"<p>Administraci\u00f3n de Botiquines y Farmacia Administraci\u00f3n deBotiquines y Farmacias Abastecimiento, administraci\u00f3n, y dispensaci\u00f3n de medicamento a trav\u00e9s de subrogaci\u00f3n de botiquines y farmacias por medio de recetas f\u00edsicas o electr\u00f3nicas a una poblaci\u00f3n determinada (derechohabientes). Beneficios Ofrecemos un software de control para brindar una distribuci\u00f3n puntual y certera, manteniendo una supervisi\u00f3n continua e informaci\u00f3n en [&hellip;]<\/p>\n","protected":false},"author":3,"featured_media":0,"parent":5015,"menu_order":0,"comment_status":"closed","ping_status":"closed","template":"","meta":{"saved_in_kubio":false,"_monsterinsights_skip_tracking":false,"_monsterinsights_sitenote_active":false,"_monsterinsights_sitenote_note":"","_monsterinsights_sitenote_category":0,"footnotes":""},"class_list":["post-5193","page","type-page","status-publish","hentry"],"kubio_ai_page_context":{"short_desc":"","purpose":"general"},"yoast_head":"<!-- This site is optimized with the Yoast SEO plugin v26.0 - https:\/\/yoast.com\/wordpress\/plugins\/seo\/ -->\n<title>Administraci\u00f3n de Botiquines y Farmacias - PHARMAIGSA<\/title>\n<meta name=\"robots\" content=\"index, follow, max-snippet:-1, max-image-preview:large, max-video-preview:-1\" \/>\n<link rel=\"canonical\" href=\"https:\/\/pharmaigsa.com.mx\/?page_id=5193\" \/>\n<meta property=\"og:locale\" content=\"es_MX\" \/>\n<meta property=\"og:type\" content=\"article\" \/>\n<meta property=\"og:title\" content=\"Administraci\u00f3n de Botiquines y Farmacias - PHARMAIGSA\" \/>\n<meta property=\"og:description\" content=\"Administraci\u00f3n de Botiquines y Farmacia Administraci\u00f3n deBotiquines y Farmacias Abastecimiento, administraci\u00f3n, y dispensaci\u00f3n de medicamento a trav\u00e9s de subrogaci\u00f3n de botiquines y farmacias por medio de recetas f\u00edsicas o electr\u00f3nicas a una poblaci\u00f3n determinada (derechohabientes). Beneficios Ofrecemos un software de control para brindar una distribuci\u00f3n puntual y certera, manteniendo una supervisi\u00f3n continua e informaci\u00f3n en [&hellip;]\" \/>\n<meta property=\"og:url\" content=\"https:\/\/pharmaigsa.com.mx\/?page_id=5193\" \/>\n<meta property=\"og:site_name\" content=\"PHARMAIGSA\" \/>\n<meta property=\"article:modified_time\" content=\"2022-03-09T14:38:02+00:00\" \/>\n<meta property=\"og:image\" content=\"https:\/\/pharmaigsa.com.mx\/wp-content\/uploads\/2021\/03\/Administracion_de_Botiquines_y_Farmacia_PharmaTycsa.jpg\" \/>\n<meta name=\"twitter:card\" content=\"summary_large_image\" \/>\n<script type=\"application\/ld+json\" class=\"yoast-schema-graph\">{\"@context\":\"https:\/\/schema.org\",\"@graph\":[{\"@type\":\"WebPage\",\"@id\":\"https:\/\/pharmaigsa.com.mx\/?page_id=5193\",\"url\":\"https:\/\/pharmaigsa.com.mx\/?page_id=5193\",\"name\":\"Administraci\u00f3n de Botiquines y Farmacias - PHARMAIGSA\",\"isPartOf\":{\"@id\":\"https:\/\/pharmaigsa.com.mx\/#website\"},\"primaryImageOfPage\":{\"@id\":\"https:\/\/pharmaigsa.com.mx\/?page_id=5193#primaryimage\"},\"image\":{\"@id\":\"https:\/\/pharmaigsa.com.mx\/?page_id=5193#primaryimage\"},\"thumbnailUrl\":\"https:\/\/pharmaigsa.com.mx\/wp-content\/uploads\/2021\/03\/Administracion_de_Botiquines_y_Farmacia_PharmaTycsa.jpg\",\"datePublished\":\"2021-03-31T16:37:12+00:00\",\"dateModified\":\"2022-03-09T14:38:02+00:00\",\"breadcrumb\":{\"@id\":\"https:\/\/pharmaigsa.com.mx\/?page_id=5193#breadcrumb\"},\"inLanguage\":\"es\",\"potentialAction\":[{\"@type\":\"ReadAction\",\"target\":[\"https:\/\/pharmaigsa.com.mx\/?page_id=5193\"]}]},{\"@type\":\"ImageObject\",\"inLanguage\":\"es\",\"@id\":\"https:\/\/pharmaigsa.com.mx\/?page_id=5193#primaryimage\",\"url\":\"https:\/\/pharmaigsa.com.mx\/wp-content\/uploads\/2021\/03\/Administracion_de_Botiquines_y_Farmacia_PharmaTycsa.jpg\",\"contentUrl\":\"https:\/\/pharmaigsa.com.mx\/wp-content\/uploads\/2021\/03\/Administracion_de_Botiquines_y_Farmacia_PharmaTycsa.jpg\",\"width\":1920,\"height\":698,\"caption\":\"Administraci\u00f3n de Botiquines y Farmacias\"},{\"@type\":\"BreadcrumbList\",\"@id\":\"https:\/\/pharmaigsa.com.mx\/?page_id=5193#breadcrumb\",\"itemListElement\":[{\"@type\":\"ListItem\",\"position\":1,\"name\":\"Inicio\",\"item\":\"https:\/\/pharmaigsa.com.mx\/\"},{\"@type\":\"ListItem\",\"position\":2,\"name\":\"Unidades de Negocio\",\"item\":\"https:\/\/pharmaigsa.com.mx\/?page_id=5015\"},{\"@type\":\"ListItem\",\"position\":3,\"name\":\"Administraci\u00f3n de Botiquines y Farmacias\"}]},{\"@type\":\"WebSite\",\"@id\":\"https:\/\/pharmaigsa.com.mx\/#website\",\"url\":\"https:\/\/pharmaigsa.com.mx\/\",\"name\":\"PHARMAIGSA\",\"description\":\"Distribuci\u00f3n, Comercializaci\u00f3n y Dispensaci\u00f3n de Medicamentos\",\"publisher\":{\"@id\":\"https:\/\/pharmaigsa.com.mx\/#organization\"},\"potentialAction\":[{\"@type\":\"SearchAction\",\"target\":{\"@type\":\"EntryPoint\",\"urlTemplate\":\"https:\/\/pharmaigsa.com.mx\/?s={search_term_string}\"},\"query-input\":{\"@type\":\"PropertyValueSpecification\",\"valueRequired\":true,\"valueName\":\"search_term_string\"}}],\"inLanguage\":\"es\"},{\"@type\":\"Organization\",\"@id\":\"https:\/\/pharmaigsa.com.mx\/#organization\",\"name\":\"PHARMAIGSA\",\"url\":\"https:\/\/pharmaigsa.com.mx\/\",\"logo\":{\"@type\":\"ImageObject\",\"inLanguage\":\"es\",\"@id\":\"https:\/\/pharmaigsa.com.mx\/#\/schema\/logo\/image\/\",\"url\":\"https:\/\/pharmaigsa.com.mx\/wp-content\/uploads\/2025\/12\/cropped-LOGO-PHARMAIGSA-1-blanco.png\",\"contentUrl\":\"https:\/\/pharmaigsa.com.mx\/wp-content\/uploads\/2025\/12\/cropped-LOGO-PHARMAIGSA-1-blanco.png\",\"width\":960,\"height\":268,\"caption\":\"PHARMAIGSA\"},\"image\":{\"@id\":\"https:\/\/pharmaigsa.com.mx\/#\/schema\/logo\/image\/\"}}]}<\/script>\n<!-- \/ Yoast SEO plugin. -->","yoast_head_json":{"title":"Administraci\u00f3n de Botiquines y Farmacias - PHARMAIGSA","robots":{"index":"index","follow":"follow","max-snippet":"max-snippet:-1","max-image-preview":"max-image-preview:large","max-video-preview":"max-video-preview:-1"},"canonical":"https:\/\/pharmaigsa.com.mx\/?page_id=5193","og_locale":"es_MX","og_type":"article","og_title":"Administraci\u00f3n de Botiquines y Farmacias - PHARMAIGSA","og_description":"Administraci\u00f3n de Botiquines y Farmacia Administraci\u00f3n deBotiquines y Farmacias Abastecimiento, administraci\u00f3n, y dispensaci\u00f3n de medicamento a trav\u00e9s de subrogaci\u00f3n de botiquines y farmacias por medio de recetas f\u00edsicas o electr\u00f3nicas a una poblaci\u00f3n determinada (derechohabientes). Beneficios Ofrecemos un software de control para brindar una distribuci\u00f3n puntual y certera, manteniendo una supervisi\u00f3n continua e informaci\u00f3n en [&hellip;]","og_url":"https:\/\/pharmaigsa.com.mx\/?page_id=5193","og_site_name":"PHARMAIGSA","article_modified_time":"2022-03-09T14:38:02+00:00","og_image":[{"url":"https:\/\/pharmaigsa.com.mx\/wp-content\/uploads\/2021\/03\/Administracion_de_Botiquines_y_Farmacia_PharmaTycsa.jpg","type":"","width":"","height":""}],"twitter_card":"summary_large_image","schema":{"@context":"https:\/\/schema.org","@graph":[{"@type":"WebPage","@id":"https:\/\/pharmaigsa.com.mx\/?page_id=5193","url":"https:\/\/pharmaigsa.com.mx\/?page_id=5193","name":"Administraci\u00f3n de Botiquines y Farmacias - PHARMAIGSA","isPartOf":{"@id":"https:\/\/pharmaigsa.com.mx\/#website"},"primaryImageOfPage":{"@id":"https:\/\/pharmaigsa.com.mx\/?page_id=5193#primaryimage"},"image":{"@id":"https:\/\/pharmaigsa.com.mx\/?page_id=5193#primaryimage"},"thumbnailUrl":"https:\/\/pharmaigsa.com.mx\/wp-content\/uploads\/2021\/03\/Administracion_de_Botiquines_y_Farmacia_PharmaTycsa.jpg","datePublished":"2021-03-31T16:37:12+00:00","dateModified":"2022-03-09T14:38:02+00:00","breadcrumb":{"@id":"https:\/\/pharmaigsa.com.mx\/?page_id=5193#breadcrumb"},"inLanguage":"es","potentialAction":[{"@type":"ReadAction","target":["https:\/\/pharmaigsa.com.mx\/?page_id=5193"]}]},{"@type":"ImageObject","inLanguage":"es","@id":"https:\/\/pharmaigsa.com.mx\/?page_id=5193#primaryimage","url":"https:\/\/pharmaigsa.com.mx\/wp-content\/uploads\/2021\/03\/Administracion_de_Botiquines_y_Farmacia_PharmaTycsa.jpg","contentUrl":"https:\/\/pharmaigsa.com.mx\/wp-content\/uploads\/2021\/03\/Administracion_de_Botiquines_y_Farmacia_PharmaTycsa.jpg","width":1920,"height":698,"caption":"Administraci\u00f3n de Botiquines y Farmacias"},{"@type":"BreadcrumbList","@id":"https:\/\/pharmaigsa.com.mx\/?page_id=5193#breadcrumb","itemListElement":[{"@type":"ListItem","position":1,"name":"Inicio","item":"https:\/\/pharmaigsa.com.mx\/"},{"@type":"ListItem","position":2,"name":"Unidades de Negocio","item":"https:\/\/pharmaigsa.com.mx\/?page_id=5015"},{"@type":"ListItem","position":3,"name":"Administraci\u00f3n de Botiquines y Farmacias"}]},{"@type":"WebSite","@id":"https:\/\/pharmaigsa.com.mx\/#website","url":"https:\/\/pharmaigsa.com.mx\/","name":"PHARMAIGSA","description":"Distribuci\u00f3n, Comercializaci\u00f3n y Dispensaci\u00f3n de Medicamentos","publisher":{"@id":"https:\/\/pharmaigsa.com.mx\/#organization"},"potentialAction":[{"@type":"SearchAction","target":{"@type":"EntryPoint","urlTemplate":"https:\/\/pharmaigsa.com.mx\/?s={search_term_string}"},"query-input":{"@type":"PropertyValueSpecification","valueRequired":true,"valueName":"search_term_string"}}],"inLanguage":"es"},{"@type":"Organization","@id":"https:\/\/pharmaigsa.com.mx\/#organization","name":"PHARMAIGSA","url":"https:\/\/pharmaigsa.com.mx\/","logo":{"@type":"ImageObject","inLanguage":"es","@id":"https:\/\/pharmaigsa.com.mx\/#\/schema\/logo\/image\/","url":"https:\/\/pharmaigsa.com.mx\/wp-content\/uploads\/2025\/12\/cropped-LOGO-PHARMAIGSA-1-blanco.png","contentUrl":"https:\/\/pharmaigsa.com.mx\/wp-content\/uploads\/2025\/12\/cropped-LOGO-PHARMAIGSA-1-blanco.png","width":960,"height":268,"caption":"PHARMAIGSA"},"image":{"@id":"https:\/\/pharmaigsa.com.mx\/#\/schema\/logo\/image\/"}}]}},"_links":{"self":[{"href":"https:\/\/pharmaigsa.com.mx\/index.php?rest_route=\/wp\/v2\/pages\/5193","targetHints":{"allow":["GET"]}}],"collection":[{"href":"https:\/\/pharmaigsa.com.mx\/index.php?rest_route=\/wp\/v2\/pages"}],"about":[{"href":"https:\/\/pharmaigsa.com.mx\/index.php?rest_route=\/wp\/v2\/types\/page"}],"author":[{"embeddable":true,"href":"https:\/\/pharmaigsa.com.mx\/index.php?rest_route=\/wp\/v2\/users\/3"}],"replies":[{"embeddable":true,"href":"https:\/\/pharmaigsa.com.mx\/index.php?rest_route=%2Fwp%2Fv2%2Fcomments&post=5193"}],"version-history":[{"count":37,"href":"https:\/\/pharmaigsa.com.mx\/index.php?rest_route=\/wp\/v2\/pages\/5193\/revisions"}],"predecessor-version":[{"id":5494,"href":"https:\/\/pharmaigsa.com.mx\/index.php?rest_route=\/wp\/v2\/pages\/5193\/revisions\/5494"}],"up":[{"embeddable":true,"href":"https:\/\/pharmaigsa.com.mx\/index.php?rest_route=\/wp\/v2\/pages\/5015"}],"wp:attachment":[{"href":"https:\/\/pharmaigsa.com.mx\/index.php?rest_route=%2Fwp%2Fv2%2Fmedia&parent=5193"}],"curies":[{"name":"wp","href":"https:\/\/api.w.org\/{rel}","templated":true}]}}