{"id":6949,"date":"2025-12-15T10:26:29","date_gmt":"2025-12-15T16:26:29","guid":{"rendered":"https:\/\/pharmaigsa.com.mx\/?page_id=6949"},"modified":"2026-01-06T08:55:01","modified_gmt":"2026-01-06T14:55:01","slug":"front_page","status":"publish","type":"page","link":"https:\/\/pharmaigsa.com.mx\/","title":{"rendered":"Home"},"content":{"rendered":"\n\n\n\n\n\n","protected":false},"excerpt":{"rendered":"","protected":false},"author":5,"featured_media":0,"parent":0,"menu_order":0,"comment_status":"closed","ping_status":"closed","template":"","meta":{"saved_in_kubio":true,"_monsterinsights_skip_tracking":false,"_monsterinsights_sitenote_active":false,"_monsterinsights_sitenote_note":"","_monsterinsights_sitenote_category":0,"footnotes":""},"class_list":["post-6949","page","type-page","status-publish","hentry"],"kubio_ai_page_context":{"short_desc":"","purpose":"general"},"yoast_head":"<!-- This site is optimized with the Yoast SEO plugin v26.0 - https:\/\/yoast.com\/wordpress\/plugins\/seo\/ -->\n<title>Home - PHARMAIGSA<\/title>\n<meta name=\"robots\" content=\"index, follow, max-snippet:-1, max-image-preview:large, max-video-preview:-1\" \/>\n<link rel=\"canonical\" href=\"https:\/\/pharmaigsa.com.mx\/\" \/>\n<meta property=\"og:locale\" content=\"es_MX\" \/>\n<meta property=\"og:type\" content=\"article\" \/>\n<meta property=\"og:title\" content=\"Home - PHARMAIGSA\" \/>\n<meta property=\"og:url\" content=\"https:\/\/pharmaigsa.com.mx\/\" \/>\n<meta property=\"og:site_name\" content=\"PHARMAIGSA\" \/>\n<meta property=\"article:modified_time\" content=\"2026-01-06T14:55:01+00:00\" \/>\n<meta name=\"twitter:card\" content=\"summary_large_image\" \/>\n<meta name=\"twitter:label1\" content=\"Tiempo de lectura\" \/>\n\t<meta name=\"twitter:data1\" content=\"2 minutos\" \/>\n<script type=\"application\/ld+json\" class=\"yoast-schema-graph\">{\"@context\":\"https:\/\/schema.org\",\"@graph\":[{\"@type\":\"WebPage\",\"@id\":\"https:\/\/pharmaigsa.com.mx\/\",\"url\":\"https:\/\/pharmaigsa.com.mx\/\",\"name\":\"Home - PHARMAIGSA\",\"isPartOf\":{\"@id\":\"https:\/\/pharmaigsa.com.mx\/#website\"},\"datePublished\":\"2025-12-15T16:26:29+00:00\",\"dateModified\":\"2026-01-06T14:55:01+00:00\",\"breadcrumb\":{\"@id\":\"https:\/\/pharmaigsa.com.mx\/#breadcrumb\"},\"inLanguage\":\"es\",\"potentialAction\":[{\"@type\":\"ReadAction\",\"target\":[\"https:\/\/pharmaigsa.com.mx\/\"]}]},{\"@type\":\"BreadcrumbList\",\"@id\":\"https:\/\/pharmaigsa.com.mx\/#breadcrumb\",\"itemListElement\":[{\"@type\":\"ListItem\",\"position\":1,\"name\":\"Inicio\",\"item\":\"https:\/\/pharmaigsa.com.mx\/\"},{\"@type\":\"ListItem\",\"position\":2,\"name\":\"Home\"}]},{\"@type\":\"WebSite\",\"@id\":\"https:\/\/pharmaigsa.com.mx\/#website\",\"url\":\"https:\/\/pharmaigsa.com.mx\/\",\"name\":\"PHARMAIGSA\",\"description\":\"Distribuci\u00f3n, Comercializaci\u00f3n y Dispensaci\u00f3n de Medicamentos\",\"publisher\":{\"@id\":\"https:\/\/pharmaigsa.com.mx\/#organization\"},\"potentialAction\":[{\"@type\":\"SearchAction\",\"target\":{\"@type\":\"EntryPoint\",\"urlTemplate\":\"https:\/\/pharmaigsa.com.mx\/?s={search_term_string}\"},\"query-input\":{\"@type\":\"PropertyValueSpecification\",\"valueRequired\":true,\"valueName\":\"search_term_string\"}}],\"inLanguage\":\"es\"},{\"@type\":\"Organization\",\"@id\":\"https:\/\/pharmaigsa.com.mx\/#organization\",\"name\":\"PHARMAIGSA\",\"url\":\"https:\/\/pharmaigsa.com.mx\/\",\"logo\":{\"@type\":\"ImageObject\",\"inLanguage\":\"es\",\"@id\":\"https:\/\/pharmaigsa.com.mx\/#\/schema\/logo\/image\/\",\"url\":\"https:\/\/pharmaigsa.com.mx\/wp-content\/uploads\/2025\/12\/cropped-LOGO-PHARMAIGSA-1-blanco.png\",\"contentUrl\":\"https:\/\/pharmaigsa.com.mx\/wp-content\/uploads\/2025\/12\/cropped-LOGO-PHARMAIGSA-1-blanco.png\",\"width\":960,\"height\":268,\"caption\":\"PHARMAIGSA\"},\"image\":{\"@id\":\"https:\/\/pharmaigsa.com.mx\/#\/schema\/logo\/image\/\"}}]}<\/script>\n<!-- \/ Yoast SEO plugin. -->","yoast_head_json":{"title":"Home - PHARMAIGSA","robots":{"index":"index","follow":"follow","max-snippet":"max-snippet:-1","max-image-preview":"max-image-preview:large","max-video-preview":"max-video-preview:-1"},"canonical":"https:\/\/pharmaigsa.com.mx\/","og_locale":"es_MX","og_type":"article","og_title":"Home - PHARMAIGSA","og_url":"https:\/\/pharmaigsa.com.mx\/","og_site_name":"PHARMAIGSA","article_modified_time":"2026-01-06T14:55:01+00:00","twitter_card":"summary_large_image","twitter_misc":{"Tiempo de lectura":"2 minutos"},"schema":{"@context":"https:\/\/schema.org","@graph":[{"@type":"WebPage","@id":"https:\/\/pharmaigsa.com.mx\/","url":"https:\/\/pharmaigsa.com.mx\/","name":"Home - PHARMAIGSA","isPartOf":{"@id":"https:\/\/pharmaigsa.com.mx\/#website"},"datePublished":"2025-12-15T16:26:29+00:00","dateModified":"2026-01-06T14:55:01+00:00","breadcrumb":{"@id":"https:\/\/pharmaigsa.com.mx\/#breadcrumb"},"inLanguage":"es","potentialAction":[{"@type":"ReadAction","target":["https:\/\/pharmaigsa.com.mx\/"]}]},{"@type":"BreadcrumbList","@id":"https:\/\/pharmaigsa.com.mx\/#breadcrumb","itemListElement":[{"@type":"ListItem","position":1,"name":"Inicio","item":"https:\/\/pharmaigsa.com.mx\/"},{"@type":"ListItem","position":2,"name":"Home"}]},{"@type":"WebSite","@id":"https:\/\/pharmaigsa.com.mx\/#website","url":"https:\/\/pharmaigsa.com.mx\/","name":"PHARMAIGSA","description":"Distribuci\u00f3n, Comercializaci\u00f3n y Dispensaci\u00f3n de Medicamentos","publisher":{"@id":"https:\/\/pharmaigsa.com.mx\/#organization"},"potentialAction":[{"@type":"SearchAction","target":{"@type":"EntryPoint","urlTemplate":"https:\/\/pharmaigsa.com.mx\/?s={search_term_string}"},"query-input":{"@type":"PropertyValueSpecification","valueRequired":true,"valueName":"search_term_string"}}],"inLanguage":"es"},{"@type":"Organization","@id":"https:\/\/pharmaigsa.com.mx\/#organization","name":"PHARMAIGSA","url":"https:\/\/pharmaigsa.com.mx\/","logo":{"@type":"ImageObject","inLanguage":"es","@id":"https:\/\/pharmaigsa.com.mx\/#\/schema\/logo\/image\/","url":"https:\/\/pharmaigsa.com.mx\/wp-content\/uploads\/2025\/12\/cropped-LOGO-PHARMAIGSA-1-blanco.png","contentUrl":"https:\/\/pharmaigsa.com.mx\/wp-content\/uploads\/2025\/12\/cropped-LOGO-PHARMAIGSA-1-blanco.png","width":960,"height":268,"caption":"PHARMAIGSA"},"image":{"@id":"https:\/\/pharmaigsa.com.mx\/#\/schema\/logo\/image\/"}}]}},"_links":{"self":[{"href":"https:\/\/pharmaigsa.com.mx\/index.php?rest_route=\/wp\/v2\/pages\/6949","targetHints":{"allow":["GET"]}}],"collection":[{"href":"https:\/\/pharmaigsa.com.mx\/index.php?rest_route=\/wp\/v2\/pages"}],"about":[{"href":"https:\/\/pharmaigsa.com.mx\/index.php?rest_route=\/wp\/v2\/types\/page"}],"author":[{"embeddable":true,"href":"https:\/\/pharmaigsa.com.mx\/index.php?rest_route=\/wp\/v2\/users\/5"}],"replies":[{"embeddable":true,"href":"https:\/\/pharmaigsa.com.mx\/index.php?rest_route=%2Fwp%2Fv2%2Fcomments&post=6949"}],"version-history":[{"count":6,"href":"https:\/\/pharmaigsa.com.mx\/index.php?rest_route=\/wp\/v2\/pages\/6949\/revisions"}],"predecessor-version":[{"id":7039,"href":"https:\/\/pharmaigsa.com.mx\/index.php?rest_route=\/wp\/v2\/pages\/6949\/revisions\/7039"}],"wp:attachment":[{"href":"https:\/\/pharmaigsa.com.mx\/index.php?rest_route=%2Fwp%2Fv2%2Fmedia&parent=6949"}],"curies":[{"name":"wp","href":"https:\/\/api.w.org\/{rel}","templated":true}]}}